{"id":1665,"date":"2018-11-20T23:10:04","date_gmt":"2018-11-20T22:10:04","guid":{"rendered":"http:\/\/perspectiv.org\/vudici\/series\/a4712-i-74-2\/"},"modified":"2025-07-20T14:02:23","modified_gmt":"2025-07-20T13:02:23","slug":"a4712-i-74-2","status":"publish","type":"page","link":"https:\/\/perspectiv.org\/vudici\/series\/a4712-i-74-2\/","title":{"rendered":"A4712 I 74"},"content":{"rendered":"<h1 style=\"text-align: center;\"><strong>A4712 I 74<\/strong><\/h1>\n<p>&nbsp;<\/p>\n<p>Une histoire sortie de mon imaginaire, un jour de neige, beau et silencieux .Dans ce jour o\u00f9 la lumi\u00e8re se jouait des flocons et o\u00f9 les contrastes affirmaient leur sombre pr\u00e9sence, m&rsquo;est venue l&rsquo;id\u00e9e de cette dystopie racont\u00e9e par ces quelques images.<\/p>\n<p>&nbsp;<\/p>\nngg_shortcode_0_placeholder\n","protected":false},"excerpt":{"rendered":"<p>A4712 I 74 &nbsp; Une histoire sortie de mon imaginaire, un jour de neige, beau et silencieux .Dans ce jour o\u00f9 la lumi\u00e8re se jouait des flocons et o\u00f9 les contrastes affirmaient leur sombre pr\u00e9sence, m&rsquo;est venue l&rsquo;id\u00e9e de cette dystopie racont\u00e9e par ces quelques images. &nbsp;<\/p>\n","protected":false},"author":1,"featured_media":0,"parent":1641,"menu_order":0,"comment_status":"closed","ping_status":"closed","template":"","meta":{"content-type":"","_mo_disable_npp":"","ngg_post_thumbnail":0,"jetpack_post_was_ever_published":false,"footnotes":""},"class_list":["post-1665","page","type-page","status-publish","hentry","no-post-thumbnail","post-grid-2-col","entry"],"jetpack_sharing_enabled":true,"jetpack_shortlink":"https:\/\/wp.me\/Pataty-qR","jetpack-related-posts":[],"_links":{"self":[{"href":"https:\/\/perspectiv.org\/vudici\/wp-json\/wp\/v2\/pages\/1665","targetHints":{"allow":["GET"]}}],"collection":[{"href":"https:\/\/perspectiv.org\/vudici\/wp-json\/wp\/v2\/pages"}],"about":[{"href":"https:\/\/perspectiv.org\/vudici\/wp-json\/wp\/v2\/types\/page"}],"author":[{"embeddable":true,"href":"https:\/\/perspectiv.org\/vudici\/wp-json\/wp\/v2\/users\/1"}],"replies":[{"embeddable":true,"href":"https:\/\/perspectiv.org\/vudici\/wp-json\/wp\/v2\/comments?post=1665"}],"version-history":[{"count":5,"href":"https:\/\/perspectiv.org\/vudici\/wp-json\/wp\/v2\/pages\/1665\/revisions"}],"predecessor-version":[{"id":2558,"href":"https:\/\/perspectiv.org\/vudici\/wp-json\/wp\/v2\/pages\/1665\/revisions\/2558"}],"up":[{"embeddable":true,"href":"https:\/\/perspectiv.org\/vudici\/wp-json\/wp\/v2\/pages\/1641"}],"wp:attachment":[{"href":"https:\/\/perspectiv.org\/vudici\/wp-json\/wp\/v2\/media?parent=1665"}],"curies":[{"name":"wp","href":"https:\/\/api.w.org\/{rel}","templated":true}]}}