{"id":1676,"date":"2018-11-20T23:14:06","date_gmt":"2018-11-20T22:14:06","guid":{"rendered":"http:\/\/perspectiv.org\/vudici\/series\/revolucion\/"},"modified":"2025-07-20T14:08:02","modified_gmt":"2025-07-20T13:08:02","slug":"revolucion-serie","status":"publish","type":"page","link":"https:\/\/perspectiv.org\/vudici\/series\/revolucion-serie\/","title":{"rendered":"Revolu\u00e7ion (serie)"},"content":{"rendered":"<h1 style=\"text-align: center;\"><strong>Revolu\u00e7ion <\/strong><\/h1>\n<p>&nbsp;<\/p>\n<p>Quand elle n&rsquo;est pas t\u00eatue, elle est hautaine.<br \/>\nQuand elle n&rsquo;est pas hautaine, elle est t\u00eatue.<br \/>\nMais toujours, elle appelle \u00e0 la revolu\u00e7ion !<\/p>\n<p>&nbsp;<\/p>\nngg_shortcode_0_placeholder\n","protected":false},"excerpt":{"rendered":"<p>Revolu\u00e7ion &nbsp; Quand elle n&rsquo;est pas t\u00eatue, elle est hautaine. Quand elle n&rsquo;est pas hautaine, elle est t\u00eatue. Mais toujours, elle appelle \u00e0 la revolu\u00e7ion ! &nbsp;<\/p>\n","protected":false},"author":1,"featured_media":0,"parent":1641,"menu_order":0,"comment_status":"closed","ping_status":"closed","template":"","meta":{"content-type":"","_mo_disable_npp":"","ngg_post_thumbnail":0,"jetpack_post_was_ever_published":false,"footnotes":""},"class_list":["post-1676","page","type-page","status-publish","hentry","no-post-thumbnail","post-grid-2-col","entry"],"jetpack_sharing_enabled":true,"jetpack_shortlink":"https:\/\/wp.me\/Pataty-r2","jetpack-related-posts":[],"_links":{"self":[{"href":"https:\/\/perspectiv.org\/vudici\/wp-json\/wp\/v2\/pages\/1676","targetHints":{"allow":["GET"]}}],"collection":[{"href":"https:\/\/perspectiv.org\/vudici\/wp-json\/wp\/v2\/pages"}],"about":[{"href":"https:\/\/perspectiv.org\/vudici\/wp-json\/wp\/v2\/types\/page"}],"author":[{"embeddable":true,"href":"https:\/\/perspectiv.org\/vudici\/wp-json\/wp\/v2\/users\/1"}],"replies":[{"embeddable":true,"href":"https:\/\/perspectiv.org\/vudici\/wp-json\/wp\/v2\/comments?post=1676"}],"version-history":[{"count":4,"href":"https:\/\/perspectiv.org\/vudici\/wp-json\/wp\/v2\/pages\/1676\/revisions"}],"predecessor-version":[{"id":2567,"href":"https:\/\/perspectiv.org\/vudici\/wp-json\/wp\/v2\/pages\/1676\/revisions\/2567"}],"up":[{"embeddable":true,"href":"https:\/\/perspectiv.org\/vudici\/wp-json\/wp\/v2\/pages\/1641"}],"wp:attachment":[{"href":"https:\/\/perspectiv.org\/vudici\/wp-json\/wp\/v2\/media?parent=1676"}],"curies":[{"name":"wp","href":"https:\/\/api.w.org\/{rel}","templated":true}]}}