{"id":1906,"date":"2018-11-21T21:45:32","date_gmt":"2018-11-21T20:45:32","guid":{"rendered":"http:\/\/perspectiv.org\/vudici\/?page_id=1906"},"modified":"2025-07-20T14:07:03","modified_gmt":"2025-07-20T13:07:03","slug":"mise-au-banc","status":"publish","type":"page","link":"https:\/\/perspectiv.org\/vudici\/series\/mise-au-banc\/","title":{"rendered":"Mise au banc"},"content":{"rendered":"<h1 style=\"text-align: center;\"><strong>Mise au banc<\/strong><\/h1>\n<p>&nbsp;<\/p>\n<p>Que ces bancs m&rsquo;inspirent.<br \/>\nCertains diraient m\u00eame que je leur voue une d\u00e9votion bien \u00e9trange.<br \/>\nMais comme j&rsquo;ai d\u00e9j\u00e0 pu l&rsquo;\u00e9crire : \u00ab\u00a0<em>\u00e0 celui qui prend soin de vos arri\u00e8res, on doit la plus grande d\u00e9f\u00e9rence<\/em>\u00a0\u00bb<\/p>\n<p>&nbsp;<\/p>\nngg_shortcode_0_placeholder\n","protected":false},"excerpt":{"rendered":"<p>Mise au banc &nbsp; Que ces bancs m&rsquo;inspirent. Certains diraient m\u00eame que je leur voue une d\u00e9votion bien \u00e9trange. Mais comme j&rsquo;ai d\u00e9j\u00e0 pu l&rsquo;\u00e9crire : \u00ab\u00a0\u00e0 celui qui prend soin de vos arri\u00e8res, on doit la plus grande d\u00e9f\u00e9rence\u00a0\u00bb &nbsp;<\/p>\n","protected":false},"author":1,"featured_media":0,"parent":1641,"menu_order":0,"comment_status":"closed","ping_status":"closed","template":"","meta":{"content-type":"","_mo_disable_npp":"","ngg_post_thumbnail":0,"jetpack_post_was_ever_published":false,"footnotes":""},"class_list":["post-1906","page","type-page","status-publish","hentry","no-post-thumbnail","post-grid-2-col","entry"],"jetpack_sharing_enabled":true,"jetpack_shortlink":"https:\/\/wp.me\/Pataty-uK","jetpack-related-posts":[],"_links":{"self":[{"href":"https:\/\/perspectiv.org\/vudici\/wp-json\/wp\/v2\/pages\/1906","targetHints":{"allow":["GET"]}}],"collection":[{"href":"https:\/\/perspectiv.org\/vudici\/wp-json\/wp\/v2\/pages"}],"about":[{"href":"https:\/\/perspectiv.org\/vudici\/wp-json\/wp\/v2\/types\/page"}],"author":[{"embeddable":true,"href":"https:\/\/perspectiv.org\/vudici\/wp-json\/wp\/v2\/users\/1"}],"replies":[{"embeddable":true,"href":"https:\/\/perspectiv.org\/vudici\/wp-json\/wp\/v2\/comments?post=1906"}],"version-history":[{"count":4,"href":"https:\/\/perspectiv.org\/vudici\/wp-json\/wp\/v2\/pages\/1906\/revisions"}],"predecessor-version":[{"id":2565,"href":"https:\/\/perspectiv.org\/vudici\/wp-json\/wp\/v2\/pages\/1906\/revisions\/2565"}],"up":[{"embeddable":true,"href":"https:\/\/perspectiv.org\/vudici\/wp-json\/wp\/v2\/pages\/1641"}],"wp:attachment":[{"href":"https:\/\/perspectiv.org\/vudici\/wp-json\/wp\/v2\/media?parent=1906"}],"curies":[{"name":"wp","href":"https:\/\/api.w.org\/{rel}","templated":true}]}}