{"id":514,"date":"2013-11-02T21:47:47","date_gmt":"2013-11-02T20:47:47","guid":{"rendered":"http:\/\/perspectiv.org\/vudici\/?page_id=514"},"modified":"2018-11-23T11:45:22","modified_gmt":"2018-11-23T10:45:22","slug":"abonnement","status":"publish","type":"page","link":"https:\/\/perspectiv.org\/vudici\/abonnement\/","title":{"rendered":"Abonnement"},"content":{"rendered":"<p>Vous constaterez, si vous venez r\u00e9guli\u00e8rement, que je ne publie pas tr\u00e8s souvent, en fonction de l&rsquo;envie mais aussi du temps disponible pour le faire.<\/p>\n<p>Aussi, si vous le souhaitez, vous pouvez vous abonner \u00e0 ce site pour \u00eatre inform\u00e9(e) des derni\u00e8res publications. Rien de plus simple, il vous suffit d&rsquo;entrer votre adresse mail dans le formulaire ci-dessous, et apr\u00e8s r\u00e9ception d&rsquo;un email de cliquer sur le lien de confirmation.<\/p>\n<p>Rassurez-vous, a priori cela ne devrait pas encombrer votre boite mail ! Une derni\u00e8re petite chose enfin : si vous ne recevez pas le mail de confirmation, allez faire un tour dans votre bo\u00eete de spam, il est possible que le message de confirmation s&rsquo;y trouve.<\/p>\n  \n  \n  <div class=\"\n    mailpoet_form_popup_overlay\n      \"><\/div>\n  <div\n    id=\"mailpoet_form_2\"\n    class=\"\n      mailpoet_form\n      mailpoet_form_shortcode\n      mailpoet_form_position_\n      mailpoet_form_animation_\n    \"\n      >\n\n    <style type=\"text\/css\">\n     #mailpoet_form_2 .mailpoet_form {  }\n#mailpoet_form_2 .mailpoet_paragraph { line-height: 20px; }\n#mailpoet_form_2 .mailpoet_segment_label, #mailpoet_form_2 .mailpoet_text_label, #mailpoet_form_2 .mailpoet_textarea_label, #mailpoet_form_2 .mailpoet_select_label, #mailpoet_form_2 .mailpoet_radio_label, #mailpoet_form_2 .mailpoet_checkbox_label, #mailpoet_form_2 .mailpoet_list_label, #mailpoet_form_2 .mailpoet_date_label { display: inline; font-weight: normal; }\n#mailpoet_form_2 .mailpoet_text, #mailpoet_form_2 .mailpoet_textarea, #mailpoet_form_2 .mailpoet_select, #mailpoet_form_2 .mailpoet_date_month, #mailpoet_form_2 .mailpoet_date_day, #mailpoet_form_2 .mailpoet_date_year, #mailpoet_form_2 .mailpoet_date { display: inline; }\n#mailpoet_form_2 .mailpoet_text, #mailpoet_form_2 .mailpoet_textarea { width: 300px; }\n#mailpoet_form_2 .mailpoet_checkbox { margin: 5px; width: 100px; display: inline-block; }\n#mailpoet_form_2 .mailpoet_submit input {  }\n#mailpoet_form_2 .mailpoet_divider {  }\n#mailpoet_form_2 .mailpoet_message {  }\n#mailpoet_form_2 .mailpoet_validate_success { font-weight: 600; color: #468847; }\n#mailpoet_form_2 .mailpoet_validate_error { color: #b94a48; }#mailpoet_form_2{;}#mailpoet_form_2 .mailpoet_message {margin: 0; padding: 0 20px;}#mailpoet_form_2 .mailpoet_paragraph.last {margin-bottom: 0} @media (max-width: 500px) {#mailpoet_form_2 {background-image: none;}} @media (min-width: 500px) {#mailpoet_form_2 .last .mailpoet_paragraph:last-child {margin-bottom: 0}}  @media (max-width: 500px) {#mailpoet_form_2 .mailpoet_form_column:last-child .mailpoet_paragraph:last-child {margin-bottom: 0}} \n    <\/style>\n\n    <form\n      target=\"_self\"\n      method=\"post\"\n      action=\"https:\/\/perspectiv.org\/vudici\/wp-admin\/admin-post.php?action=mailpoet_subscription_form\"\n      class=\"mailpoet_form mailpoet_form_form mailpoet_form_shortcode\"\n      novalidate\n      data-delay=\"\"\n      data-exit-intent-enabled=\"\"\n      data-font-family=\"\"\n      data-cookie-expiration-time=\"\"\n    >\n      <input type=\"hidden\" name=\"data[form_id]\" value=\"2\" \/>\n      <input type=\"hidden\" name=\"token\" value=\"d812e5ef85\" \/>\n      <input type=\"hidden\" name=\"api_version\" value=\"v1\" \/>\n      <input type=\"hidden\" name=\"endpoint\" value=\"subscribers\" \/>\n      <input type=\"hidden\" name=\"mailpoet_method\" value=\"subscribe\" \/>\n\n      <label class=\"mailpoet_hp_email_label\" style=\"display: none !important;\">Veuillez laisser ce champ vide<input type=\"email\" name=\"data[email]\"\/><\/label><div class=\"mailpoet_paragraph\"><label for=\"form_first_name_2\" class=\"mailpoet_text_label\"  data-automation-id=\"form_first_name_label\" >Pr\u00e9nom <span class=\"mailpoet_required\" aria-hidden=\"true\">*<\/span><\/label><input type=\"text\" autocomplete=\"given-name\" class=\"mailpoet_text\" id=\"form_first_name_2\" name=\"data[form_field_ZTJmOGIwZjJkNWZkX2ZpcnN0X25hbWU=]\" title=\"Pr\u00e9nom\" value=\"\" data-automation-id=\"form_first_name\" data-parsley-errors-container=\".mailpoet_error_1sc29\" data-parsley-names='[&quot;Veuillez sp\u00e9cifier un nom valide.&quot;,&quot;Les adresses dans les noms ne sont pas autoris\u00e9es, veuillez ajouter votre nom \u00e0 la place.&quot;]' data-parsley-required=\"true\" required aria-required=\"true\" data-parsley-required-message=\"Ce champ est n\u00e9cessaire.\"\/><span class=\"mailpoet_error_1sc29\"><\/span><\/div>\n<div class=\"mailpoet_paragraph\"><label for=\"form_last_name_2\" class=\"mailpoet_text_label\"  data-automation-id=\"form_last_name_label\" >Nom <span class=\"mailpoet_required\" aria-hidden=\"true\">*<\/span><\/label><input type=\"text\" autocomplete=\"family-name\" class=\"mailpoet_text\" id=\"form_last_name_2\" name=\"data[form_field_YWQ2NmUxOTI4OTcyX2xhc3RfbmFtZQ==]\" title=\"Nom\" value=\"\" data-automation-id=\"form_last_name\" data-parsley-errors-container=\".mailpoet_error_1mtue\" data-parsley-names='[&quot;Veuillez sp\u00e9cifier un nom valide.&quot;,&quot;Les adresses dans les noms ne sont pas autoris\u00e9es, veuillez ajouter votre nom \u00e0 la place.&quot;]' data-parsley-required=\"true\" required aria-required=\"true\" data-parsley-required-message=\"Ce champ est n\u00e9cessaire.\"\/><span class=\"mailpoet_error_1mtue\"><\/span><\/div>\n<div class=\"mailpoet_paragraph\"><label for=\"form_email_2\" class=\"mailpoet_text_label\"  data-automation-id=\"form_email_label\" >E-mail <span class=\"mailpoet_required\" aria-hidden=\"true\">*<\/span><\/label><input type=\"email\" autocomplete=\"email\" class=\"mailpoet_text\" id=\"form_email_2\" name=\"data[form_field_ZDc2OWNhZDlkMzYxX2VtYWls]\" title=\"E-mail\" value=\"\" data-automation-id=\"form_email\" data-parsley-errors-container=\".mailpoet_error_rlruz\" data-parsley-required=\"true\" required aria-required=\"true\" data-parsley-minlength=\"6\" data-parsley-maxlength=\"150\" data-parsley-type-message=\"Cette valeur doit \u00eatre un e-mail valide.\" data-parsley-required-message=\"Ce champ est n\u00e9cessaire.\"\/><span class=\"mailpoet_error_rlruz\"><\/span><\/div>\n<div class=\"mailpoet_paragraph\"><fieldset><legend class=\"mailpoet_segment_label\" >S\u00e9lectionner une ou plusieurs listes :<\/legend><label class=\"mailpoet_checkbox_label\" for=\"mailpoet_segment_1\" ><input type=\"checkbox\" class=\"mailpoet_checkbox\" id=\"mailpoet_segment_1\" name=\"data[form_field_OGViZmUxNjU4OWI1X3NlZ21lbnRz][]\" value=\"3\"  data-parsley-errors-container=\".mailpoet_error_173j3\" data-parsley-required=\"true\" required aria-required=\"true\" data-parsley-group=\"segments\" data-parsley-required-message=\"Veuillez s\u00e9lectionner une liste.\" \/> Nouvelles publications<\/label><span class=\"mailpoet_error_173j3\"><\/span><\/fieldset><\/div>\n<div class=\"mailpoet_paragraph\"><input type=\"submit\" class=\"mailpoet_submit\" value=\"Je m\u2019abonne\u00a0!\" data-automation-id=\"subscribe-submit-button\" style=\"border-color:transparent;\" \/><span class=\"mailpoet_form_loading\"><span class=\"mailpoet_bounce1\"><\/span><span class=\"mailpoet_bounce2\"><\/span><span class=\"mailpoet_bounce3\"><\/span><\/span><\/div>\n\n      <div class=\"mailpoet_message\">\n        <p class=\"mailpoet_validate_success\"\n                style=\"display:none;\"\n                >V\u00e9rifiez votre boite de r\u00e9ception ou votre r\u00e9pertoire d\u2019ind\u00e9sirables pour confirmer votre abonnement.\n        <\/p>\n        <p class=\"mailpoet_validate_error\"\n                style=\"display:none;\"\n                >        <\/p>\n      <\/div>\n    <\/form>\n\n      <\/div>\n\n  \nLe formulaire de gestion d\u2019abonnement est disponible uniquement pour les abonn\u00e9s aux mailing listes.\n","protected":false},"excerpt":{"rendered":"<p>Vous constaterez, si vous venez r\u00e9guli\u00e8rement, que je ne publie pas tr\u00e8s souvent, en fonction de l&rsquo;envie mais aussi du temps disponible pour le faire. Aussi, si vous le souhaitez, vous pouvez vous abonner \u00e0 ce site pour \u00eatre inform\u00e9(e) des derni\u00e8res publications. Rien de plus simple, il vous suffit d&rsquo;entrer votre adresse mail dans&hellip;<\/p>\n","protected":false},"author":1,"featured_media":0,"parent":0,"menu_order":0,"comment_status":"closed","ping_status":"closed","template":"","meta":{"content-type":"","_mo_disable_npp":"","ngg_post_thumbnail":0,"jetpack_post_was_ever_published":false,"footnotes":""},"class_list":["post-514","page","type-page","status-publish","hentry","no-post-thumbnail","post-grid-2-col","entry"],"jetpack_sharing_enabled":true,"jetpack_shortlink":"https:\/\/wp.me\/Pataty-8i","jetpack-related-posts":[],"_links":{"self":[{"href":"https:\/\/perspectiv.org\/vudici\/wp-json\/wp\/v2\/pages\/514","targetHints":{"allow":["GET"]}}],"collection":[{"href":"https:\/\/perspectiv.org\/vudici\/wp-json\/wp\/v2\/pages"}],"about":[{"href":"https:\/\/perspectiv.org\/vudici\/wp-json\/wp\/v2\/types\/page"}],"author":[{"embeddable":true,"href":"https:\/\/perspectiv.org\/vudici\/wp-json\/wp\/v2\/users\/1"}],"replies":[{"embeddable":true,"href":"https:\/\/perspectiv.org\/vudici\/wp-json\/wp\/v2\/comments?post=514"}],"version-history":[{"count":16,"href":"https:\/\/perspectiv.org\/vudici\/wp-json\/wp\/v2\/pages\/514\/revisions"}],"predecessor-version":[{"id":1945,"href":"https:\/\/perspectiv.org\/vudici\/wp-json\/wp\/v2\/pages\/514\/revisions\/1945"}],"wp:attachment":[{"href":"https:\/\/perspectiv.org\/vudici\/wp-json\/wp\/v2\/media?parent=514"}],"curies":[{"name":"wp","href":"https:\/\/api.w.org\/{rel}","templated":true}]}}